{"id":18205,"date":"2023-02-04T15:52:12","date_gmt":"2023-02-04T15:52:12","guid":{"rendered":"https:\/\/avizo.gaelbouffard.com\/politique-de-confidentialite\/"},"modified":"2023-11-07T15:26:51","modified_gmt":"2023-11-07T15:26:51","slug":"privacy-policy-and-protection-of-personal-information","status":"publish","type":"page","link":"https:\/\/www.avizo.ca\/en\/privacy-policy-and-protection-of-personal-information\/","title":{"rendered":"Privacy policy and protection of personal information"},"content":{"rendered":"\n<p>Chez Avizo Experts-Conseils (Avizo), nous nous assurons de conserver l\u2019int\u00e9grit\u00e9 des informations et des donn\u00e9es transmises par nos clients, notre personnel, nos stagiaires et candidats potentiels \u00e0 un poste \u00e0 pourvoir via diff\u00e9rentes plate-forme (Internet, courriel, t\u00e9l\u00e9phone, etc..) ainsi que la protection des renseignements personnels. Le repr\u00e9sentant de l\u2019entreprise (RPRT) a une obligation de confidentialit\u00e9 en vertu de cette politique.<\/p>\n\n\n\n<p>\u00c9tant assujettis aux lois f\u00e9d\u00e9rales et provinciales en mati\u00e8re de protection des renseignements personnels, notamment \u00e0 la Loi modernisant des dispositions l\u00e9gislatives en mati\u00e8re de protection des renseignements personnels, la <a href=\"https:\/\/www.legisquebec.gouv.qc.ca\/fr\/document\/lc\/p-39.1#:~:text=Nul%2520ne%2520peut%2520communiquer%2520%25C3%25A0,pr%25C3%25A9sente%2520loi%2520ne%2520le%2520pr%25C3%25A9voie.\">Loi sur la protection des renseignements personnels dans le secteur priv\u00e9<\/a> et \u00e0 la <a href=\"https:\/\/fightspam-combattrelepourriel.ised-isde.canada.ca\/site\/loi-canadienne-anti-pourriel\/fr\">Loi canadienne antipourriel<\/a>, nous nous engageons fermement \u00e0 prot\u00e9ger les renseignements que nos clients et prospects nous confient et voyons \u00e0 prendre les mesures n\u00e9cessaires afin d\u2019assurer le respect de leurs droits.<\/p>\n\n\n\n<h2 class=\"wp-block-heading\">D\u00e9finition d\u2019un renseignement personnel<\/h2>\n\n\n\n<p>Les renseignements personnels sont ceux qui portent sur une personne physique et permettent de l\u2019identifier. Ils sont confidentiels. Sauf exceptions, ils ne peuvent \u00eatre communiqu\u00e9s sans le consentement de la personne concern\u00e9e.<\/p>\n\n\n\n<h2 class=\"wp-block-heading\">Collecte et utilisation des renseignements personnels<\/h2>\n\n\n\n<p>Les renseignements personnels recueillis par Avizo sont confidentiels; seul le personnel autoris\u00e9 \u00e0 donner suite aux demandes clients et besoins des employ\u00e9s y ont acc\u00e8s. Le dossier client, ainsi que celui de l\u2019employ\u00e9 contient uniquement les renseignements essentiels dont nous avons besoin pour :<\/p>\n\n\n\n<ul class=\"wp-block-list\">\n<li>proc\u00e9der \u00e0 une analyse compl\u00e8te des besoins du client ou du prospect;<\/li>\n\n\n\n<li>amorcer une soumission pour le service demand\u00e9;<\/li>\n\n\n\n<li>fournir un service \u00e0 cet effet, le cas \u00e9ch\u00e9ant;<\/li>\n\n\n\n<li>assurer la tra\u00e7abilit\u00e9 des informations concernant les employ\u00e9s, clients, les fournisseurs et les processus afin de permettre l\u2019analyse des cons\u00e9quences potentielles de fuites d\u2019information;<\/li>\n\n\n\n<li>permettre le traitement de la paye et des avantages sociaux;<\/li>\n\n\n\n<li>permettre un suivi ad\u00e9quat des informations personnelles de l\u2019employ\u00e9 pour sa sant\u00e9 et sa s\u00e9curit\u00e9 au travail.<\/li>\n<\/ul>\n\n\n\n<h2 class=\"wp-block-heading\">Collecte d\u2019informations par Google Analytics<\/h2>\n\n\n\n<p>Des renseignements anonymes et confidentiels peuvent \u00eatre recueillis par le biais de Google Analytics pour analyser la fr\u00e9quentation du site Internet d\u2019Avizo (Avizo.ca). Avizo utilise ces donn\u00e9es uniquement dans le but d\u2019am\u00e9liorer la qualit\u00e9 des services et des renseignements offerts sur le site Internet par le biais de blogues et de fiches explicatives.<\/p>\n\n\n\n<h2 class=\"wp-block-heading\">Informations au dossier-client<\/h2>\n\n\n\n<p>Nous nous effor\u00e7ons de tenir \u00e0 jour les renseignements consign\u00e9s au dossier du client. Si un repr\u00e9sentant du client souhaite v\u00e9rifier l\u2019exactitude ou apporter tout changement \u00e0 ses renseignements personnels, il peut communiquer avec le responsable de la protection des renseignements personnels dont les coordonn\u00e9es sont indiqu\u00e9es \u00e0 la pr\u00e9sente politique.<\/p>\n\n\n\n<h2 class=\"wp-block-heading\">Consentement du client<\/h2>\n\n\n\n<p>Aucun renseignement n\u2019est recueilli par Avizo sans le consentement du client ou du prospect.<\/p>\n\n\n\n<h2 class=\"wp-block-heading\">Soumissions et transactions <\/h2>\n\n\n\n<p>Lorsque nous analysons les besoins d\u2019un client ou prospect, \u00e9tablissons une soumission, une offre de service ou un contrat, il est entendu que notre interlocuteur nous donne son consentement et qu\u2019il a \u00e9galement obtenu le consentement de toutes les personnes int\u00e9ress\u00e9es ou mentionn\u00e9es dans la soumission ou le contrat qui le concerne. Ce consentement inclut la collecte, la conservation, l\u2019utilisation et la communication de leurs renseignements personnels aux fins \u00e9tablies;<\/p>\n\n\n\n<p>En ce qui a trait \u00e0 l\u2019utilisation de l\u2019adresse courriel, l\u2019entreprise s\u2019assure de rencontrer les exigences de la <a href=\"https:\/\/fightspam-combattrelepourriel.ised-isde.canada.ca\/site\/loi-canadienne-anti-pourriel\/fr\">Loi canadienne.<\/a><\/p>\n\n\n\n<h2 class=\"wp-block-heading\">Demande de soumissions et d\u2019offres de service<\/h2>\n\n\n\n<p>Lorsqu\u2019un client ou prospect souhaite obtenir une soumission ou une offre de service par le biais de Avizo.ca (demande de soumissions) pour les services offerts :<\/p>\n\n\n\n<p>il consent automatiquement \u00e0 ce qu\u2019Avizo utilise ses renseignements, pouvant \u00eatre personnels, afin d\u2019analyser ses besoins et d\u2019effectuer une soumission pour le service demand\u00e9;<\/p>\n\n\n\n<p>il autorise Avizo \u00e0 communiquer avec lui par t\u00e9l\u00e9phone, par courriel ou d\u2019autres moyens afin de discuter de sa demande, de lui fournir la soumission ou l\u2019offre de service demand\u00e9e, de promouvoir les services d\u2019Avizo et de fournir lesdits services, si applicable;<\/p>\n\n\n\n<p>il comprend que l\u2019utilisation de son adresse courriel sera faite toujours dans le but de r\u00e9pondre \u00e0 sa demande et en conformit\u00e9 \u00e0 les <a href=\"https:\/\/fightspam-combattrelepourriel.ised-isde.canada.ca\/site\/loi-canadienne-anti-pourriel\/fr\">Lois canadiennes<\/a>.<\/p>\n\n\n\n<p>il comprend que, toujours en vertu de la loi anti-pourriel, il aura l\u2019occasion de retirer son consentement pour les utilisations subs\u00e9quentes de son adresse courriel.<\/p>\n\n\n\n<h2 class=\"wp-block-heading\">Abonnement et d\u00e9sabonnement des services en ligne<\/h2>\n\n\n\n<p>Conform\u00e9ment \u00e0 la <a href=\"https:\/\/fightspam-combattrelepourriel.ised-isde.canada.ca\/site\/loi-canadienne-anti-pourriel\/fr\">Loi canadienne antipourriel<\/a>, \u00e0 tout moment, il est possible de confirmer ou de retirer son consentement sur l\u2019utilisation de l\u2019adresse courriel en communiquant avec un repr\u00e9sentant d\u2019Avizo.<strong><\/strong><\/p>\n\n\n\n<h2 class=\"wp-block-heading\">Environnement de travail chez Avizo<\/h2>\n\n\n\n<p>Avizo veille \u00e0 la protection des renseignements personnels de tous ses employ\u00e9s, de stagiaires ou de candidats \u00e0 un poste \u00e0 pourvoir. Les dispositions l\u00e9gislatives sont appliqu\u00e9es int\u00e9gralement afin de favoriser un environnement de travail sain qui respecte la vie priv\u00e9e de tous les employ\u00e9s. <\/p>\n\n\n\n<h2 class=\"wp-block-heading\">Informations au dossier employ\u00e9<\/h2>\n\n\n\n<p>Nous nous effor\u00e7ons de tenir \u00e0 jour les renseignements consign\u00e9s au dossier employ\u00e9. Si un employ\u00e9 souhaite v\u00e9rifier l\u2019exactitude ou apporter tout changement \u00e0 ses renseignements personnels, il peut communiquer avec le responsable des ressources humaines dont les coordonn\u00e9es sont indiqu\u00e9es au manuel d\u2019employ\u00e9.<\/p>\n\n\n\n<h2 class=\"wp-block-heading\">Consentement de l\u2019employ\u00e9, du stagiaire ou du candidat \u00e0 un poste \u00e0 pourvoir<\/h2>\n\n\n\n<p>Aucun renseignement n\u2019est recueilli par Avizo sans le consentement \u00e9crit ou verbal de l\u2019employ\u00e9, du stagiaire ou du candidat \u00e0 un poste \u00e0 pourvoir. <strong><\/strong><\/p>\n\n\n\n<h2 class=\"wp-block-heading\">Protection de la vie priv\u00e9e<\/h2>\n\n\n\n<p>Avizo applique des r\u00e8gles afin de prot\u00e9ger les renseignements personnels: \u00e0 aucun moment, les renseignements ne seront rendus publics, ni vendus, ni communiqu\u00e9s \u00e0 des tiers sans le consentement du client, sauf pour donner suite \u00e0 une ordonnance du tribunal ou pour r\u00e9pondre \u00e0 un organisme gouvernemental autoris\u00e9. Dans un tel cas, nous d\u00e9ploierons les meilleurs efforts pour nous assurer que le droit du client \u00e0 la confidentialit\u00e9 sera respect\u00e9.<\/p>\n\n\n\n<h2 class=\"wp-block-heading\">Transmission d\u2019informations par courrier \u00e9lectronique<\/h2>\n\n\n\n<p>Avizo n&#8217;assume pas la responsabilit\u00e9 pour les dommages d\u00e9coulant de l\u2019interception, de la perte ou de la modification de tout courriel qui nous est transmis.<\/p>\n\n\n\n<p>Lorsque nos clients ou prospects transmettent de l\u2019information par courriel, cette communication n\u2019est pas s\u00e9curis\u00e9e. Nous recommandons donc d\u2019user de prudence lorsque des informations confidentielles nous sont transmises par courriel. <strong><\/strong><\/p>\n\n\n\n<h2 class=\"wp-block-heading\">Traitement des plaintes et d\u00e9sindexation des donn\u00e9es personnelles<\/h2>\n\n\n\n<p>Avizo suit un processus \u00e9tabli au niveau de la r\u00e9ception et du traitement des plaintes relatives \u00e0 la protection des renseignements personnels. Les \u00e9tapes suivantes seront r\u00e9alis\u00e9es afin d\u2019assurer un traitement \u00e9quitable de chaque demande.<\/p>\n\n\n\n<ol class=\"wp-block-list\" type=\"1\">\n<li>R\u00e9ception de la plainte : une personne fait parvenir une plainte \u00e0 Avizo via l\u2019adresse courriel <a href=\"mailto:plainteRPRT@avizo.ca\">plainteRPRT@avizo.ca<\/a> concernant le traitement de ses renseignements personnels par cette derni\u00e8re et\/ou demande une d\u00e9sindexation de ses informations d\u00e9tenues par Avizo;<strong><\/strong><\/li>\n\n\n\n<li>Enregistrement de la plainte : Avizo collige la plainte dans un tableau de bord sp\u00e9cifique permettant d\u2019en faire le suivi et de rendre compte sur demande \u00e0 la Commission d\u2019acc\u00e8s \u00e0 l\u2019information ;<\/li>\n\n\n\n<li>\u00c9valuation de la plainte : le RPRT, ou une personne d\u00e9sign\u00e9e par celui-ci, examine la plainte pour d\u00e9terminer si elle est recevable, valide et surtout si elle rel\u00e8ve bien d\u2019un article de la Loi 25;<strong><\/strong><\/li>\n\n\n\n<li>Enqu\u00eate : si la plainte est recevable et valide, une enqu\u00eate plus approfondie est men\u00e9e pour comprendre les circonstances de l\u2019incident. Cela pourrait impliquer pour Avizo de consulter des dossiers, de parler \u00e0 des membres du personnel ou d\u2019examiner des proc\u00e9dures internes;<strong><\/strong><\/li>\n\n\n\n<li>R\u00e9solution : Sur la base des r\u00e9sultats de l\u2019investigation, Avizo prendra les mesures pour r\u00e9soudre la plainte. Cela peut impliquer des modifications de nos proc\u00e9dures, une formation de nos employ\u00e9s ou dans le cas d\u2019une d\u00e9sindexation, la suppression de certaines informations provenant des r\u00e9sultats de recherches;<\/li>\n\n\n\n<li>Communication : Avizo communiquera par courriel avec la personne ayant d\u00e9pos\u00e9e la plainte pour l\u2019informer des r\u00e9sultats de l\u2019investigation et des mesures prises \u00e0 cet \u00e9gard pour r\u00e9soudre la plainte.<\/li>\n\n\n\n<li>Suivi : Avizo effectue un suivi pour s\u2019assurer que les mesures prises sont efficaces et que la plainte a \u00e9t\u00e9 r\u00e9solue de mani\u00e8re satisfaisante.<\/li>\n<\/ol>\n\n\n\n<h2 class=\"wp-block-heading\">Responsable de l\u2019application de la politique<\/h2>\n\n\n\n<p>Le responsable de l\u2019application de la pr\u00e9sente politique au sein d\u2019Avizo est :<\/p>\n\n\n\n<p>M. Charles Duguay, DGE, M. Env., Adm. A.<br>Pr\u00e9sident directeur-g\u00e9n\u00e9ral<br><a href=\"mailto:charles.duguay@avizo.ca\">charles.duguay@avizo.ca<\/a><\/p>\n\n\n\n<p>En cette qualit\u00e9, le responsable voit notamment \u00e0 ce que les employ\u00e9s et repr\u00e9sentants de l\u2019entreprise prennent connaissance de l\u2019\u00e9nonc\u00e9 de la politique et qu\u2019ils soient form\u00e9s en vue de son application conforme. <\/p>\n\n\n\n<p>Conform\u00e9ment \u00e0 la loi, le responsable veille \u00e0 la cr\u00e9ation, au maintien et \u00e0 la mise \u00e0 jour d\u2019un registre des incidents de confidentialit\u00e9. Sur demande par la Commission d\u2019acc\u00e8s \u00e0 l\u2019information, une d\u00e9claration de ce registre lui est transmise.<\/p>\n\n\n\n<h2 class=\"wp-block-heading\">Information sur la politique<\/h2>\n\n\n\n<p>Pour de plus amples renseignements sur notre politique de confidentialit\u00e9 et de protection des renseignements personnels, il est possible de communiquer avec le responsable de la protection des renseignements personnels au courriel suivant : <a href=\"mailto:rprt@avizo.ca\">rprt@avizo.ca<\/a><\/p>\n","protected":false},"excerpt":{"rendered":"<p>Chez Avizo Experts-Conseils (Avizo), nous nous assurons de conserver l\u2019int\u00e9grit\u00e9 des informations et des donn\u00e9es transmises par nos clients, notre personnel, nos stagiaires et candidats potentiels \u00e0 un poste \u00e0 pourvoir via diff\u00e9rentes plate-forme (Internet, courriel, t\u00e9l\u00e9phone, etc..) ainsi que la protection des renseignements personnels. Le repr\u00e9sentant de l\u2019entreprise (RPRT) a une obligation de confidentialit\u00e9 [&#8230;]<\/p>\n<p><a class=\"btn btn-secondary understrap-read-more-link\" href=\"https:\/\/www.avizo.ca\/en\/privacy-policy-and-protection-of-personal-information\/\">Read More&#8230;<span class=\"screen-reader-text\"> from Privacy policy and protection of personal information<\/span><\/a><\/p>\n","protected":false},"author":1,"featured_media":0,"parent":0,"menu_order":0,"comment_status":"closed","ping_status":"closed","template":"","meta":{"_acf_changed":false,"footnotes":""},"class_list":["post-18205","page","type-page","status-publish","hentry"],"acf":[],"yoast_head":"<!-- This site is optimized with the Yoast SEO plugin v27.3 - https:\/\/yoast.com\/product\/yoast-seo-wordpress\/ -->\n<title>Privacy policy and protection of personal information - Avizo<\/title>\n<meta name=\"robots\" content=\"index, follow, max-snippet:-1, max-image-preview:large, max-video-preview:-1\" \/>\n<link rel=\"canonical\" href=\"https:\/\/www.avizo.ca\/en\/privacy-policy-and-protection-of-personal-information\/\" \/>\n<meta property=\"og:locale\" content=\"en_US\" \/>\n<meta property=\"og:type\" content=\"article\" \/>\n<meta property=\"og:title\" content=\"Privacy policy and protection of personal information - Avizo\" \/>\n<meta property=\"og:description\" content=\"Chez Avizo Experts-Conseils (Avizo), nous nous assurons de conserver l\u2019int\u00e9grit\u00e9 des informations et des donn\u00e9es transmises par nos clients, notre personnel, nos stagiaires et candidats potentiels \u00e0 un poste \u00e0 pourvoir via diff\u00e9rentes plate-forme (Internet, courriel, t\u00e9l\u00e9phone, etc..) ainsi que la protection des renseignements personnels. Le repr\u00e9sentant de l\u2019entreprise (RPRT) a une obligation de confidentialit\u00e9 [...]Read More... from Privacy policy and protection of personal information\" \/>\n<meta property=\"og:url\" content=\"https:\/\/www.avizo.ca\/en\/privacy-policy-and-protection-of-personal-information\/\" \/>\n<meta property=\"og:site_name\" content=\"Avizo\" \/>\n<meta property=\"article:modified_time\" content=\"2023-11-07T15:26:51+00:00\" \/>\n<meta property=\"og:image\" content=\"https:\/\/www.avizo.ca\/wp-content\/uploads\/2024\/02\/accueil-1200x720-1-jpg.webp\" \/>\n\t<meta property=\"og:image:width\" content=\"1200\" \/>\n\t<meta property=\"og:image:height\" content=\"720\" \/>\n\t<meta property=\"og:image:type\" content=\"image\/jpeg\" \/>\n<meta name=\"twitter:card\" content=\"summary_large_image\" \/>\n<meta name=\"twitter:label1\" content=\"Est. reading time\" \/>\n\t<meta name=\"twitter:data1\" content=\"8 minutes\" \/>\n<script type=\"application\/ld+json\" class=\"yoast-schema-graph\">{\"@context\":\"https:\\\/\\\/schema.org\",\"@graph\":[{\"@type\":\"WebPage\",\"@id\":\"https:\\\/\\\/www.avizo.ca\\\/en\\\/privacy-policy-and-protection-of-personal-information\\\/\",\"url\":\"https:\\\/\\\/www.avizo.ca\\\/en\\\/privacy-policy-and-protection-of-personal-information\\\/\",\"name\":\"Privacy policy and protection of personal information - Avizo\",\"isPartOf\":{\"@id\":\"https:\\\/\\\/www.avizo.ca\\\/en\\\/#website\"},\"datePublished\":\"2023-02-04T15:52:12+00:00\",\"dateModified\":\"2023-11-07T15:26:51+00:00\",\"breadcrumb\":{\"@id\":\"https:\\\/\\\/www.avizo.ca\\\/en\\\/privacy-policy-and-protection-of-personal-information\\\/#breadcrumb\"},\"inLanguage\":\"en-US\",\"potentialAction\":[{\"@type\":\"ReadAction\",\"target\":[\"https:\\\/\\\/www.avizo.ca\\\/en\\\/privacy-policy-and-protection-of-personal-information\\\/\"]}]},{\"@type\":\"BreadcrumbList\",\"@id\":\"https:\\\/\\\/www.avizo.ca\\\/en\\\/privacy-policy-and-protection-of-personal-information\\\/#breadcrumb\",\"itemListElement\":[{\"@type\":\"ListItem\",\"position\":1,\"name\":\"Accueil\",\"item\":\"https:\\\/\\\/www.avizo.ca\\\/en\\\/\"},{\"@type\":\"ListItem\",\"position\":2,\"name\":\"Privacy policy and protection of personal information\"}]},{\"@type\":\"WebSite\",\"@id\":\"https:\\\/\\\/www.avizo.ca\\\/en\\\/#website\",\"url\":\"https:\\\/\\\/www.avizo.ca\\\/en\\\/\",\"name\":\"Avizo\",\"description\":\"Avizo\",\"publisher\":{\"@id\":\"https:\\\/\\\/www.avizo.ca\\\/en\\\/#organization\"},\"potentialAction\":[{\"@type\":\"SearchAction\",\"target\":{\"@type\":\"EntryPoint\",\"urlTemplate\":\"https:\\\/\\\/www.avizo.ca\\\/en\\\/?s={search_term_string}\"},\"query-input\":{\"@type\":\"PropertyValueSpecification\",\"valueRequired\":true,\"valueName\":\"search_term_string\"}}],\"inLanguage\":\"en-US\"},{\"@type\":\"Organization\",\"@id\":\"https:\\\/\\\/www.avizo.ca\\\/en\\\/#organization\",\"name\":\"Avizo\",\"url\":\"https:\\\/\\\/www.avizo.ca\\\/en\\\/\",\"logo\":{\"@type\":\"ImageObject\",\"inLanguage\":\"en-US\",\"@id\":\"https:\\\/\\\/www.avizo.ca\\\/en\\\/#\\\/schema\\\/logo\\\/image\\\/\",\"url\":\"https:\\\/\\\/www.avizo.ca\\\/wp-content\\\/uploads\\\/2023\\\/10\\\/logo-avizo.png\",\"contentUrl\":\"https:\\\/\\\/www.avizo.ca\\\/wp-content\\\/uploads\\\/2023\\\/10\\\/logo-avizo.png\",\"width\":380,\"height\":144,\"caption\":\"Avizo\"},\"image\":{\"@id\":\"https:\\\/\\\/www.avizo.ca\\\/en\\\/#\\\/schema\\\/logo\\\/image\\\/\"}}]}<\/script>\n<!-- \/ Yoast SEO plugin. -->","yoast_head_json":{"title":"Privacy policy and protection of personal information - Avizo","robots":{"index":"index","follow":"follow","max-snippet":"max-snippet:-1","max-image-preview":"max-image-preview:large","max-video-preview":"max-video-preview:-1"},"canonical":"https:\/\/www.avizo.ca\/en\/privacy-policy-and-protection-of-personal-information\/","og_locale":"en_US","og_type":"article","og_title":"Privacy policy and protection of personal information - Avizo","og_description":"Chez Avizo Experts-Conseils (Avizo), nous nous assurons de conserver l\u2019int\u00e9grit\u00e9 des informations et des donn\u00e9es transmises par nos clients, notre personnel, nos stagiaires et candidats potentiels \u00e0 un poste \u00e0 pourvoir via diff\u00e9rentes plate-forme (Internet, courriel, t\u00e9l\u00e9phone, etc..) ainsi que la protection des renseignements personnels. Le repr\u00e9sentant de l\u2019entreprise (RPRT) a une obligation de confidentialit\u00e9 [...]Read More... from Privacy policy and protection of personal information","og_url":"https:\/\/www.avizo.ca\/en\/privacy-policy-and-protection-of-personal-information\/","og_site_name":"Avizo","article_modified_time":"2023-11-07T15:26:51+00:00","og_image":[{"width":1200,"height":720,"url":"https:\/\/www.avizo.ca\/wp-content\/uploads\/2024\/02\/accueil-1200x720-1-jpg.webp","type":"image\/jpeg"}],"twitter_card":"summary_large_image","twitter_misc":{"Est. reading time":"8 minutes"},"schema":{"@context":"https:\/\/schema.org","@graph":[{"@type":"WebPage","@id":"https:\/\/www.avizo.ca\/en\/privacy-policy-and-protection-of-personal-information\/","url":"https:\/\/www.avizo.ca\/en\/privacy-policy-and-protection-of-personal-information\/","name":"Privacy policy and protection of personal information - Avizo","isPartOf":{"@id":"https:\/\/www.avizo.ca\/en\/#website"},"datePublished":"2023-02-04T15:52:12+00:00","dateModified":"2023-11-07T15:26:51+00:00","breadcrumb":{"@id":"https:\/\/www.avizo.ca\/en\/privacy-policy-and-protection-of-personal-information\/#breadcrumb"},"inLanguage":"en-US","potentialAction":[{"@type":"ReadAction","target":["https:\/\/www.avizo.ca\/en\/privacy-policy-and-protection-of-personal-information\/"]}]},{"@type":"BreadcrumbList","@id":"https:\/\/www.avizo.ca\/en\/privacy-policy-and-protection-of-personal-information\/#breadcrumb","itemListElement":[{"@type":"ListItem","position":1,"name":"Accueil","item":"https:\/\/www.avizo.ca\/en\/"},{"@type":"ListItem","position":2,"name":"Privacy policy and protection of personal information"}]},{"@type":"WebSite","@id":"https:\/\/www.avizo.ca\/en\/#website","url":"https:\/\/www.avizo.ca\/en\/","name":"Avizo","description":"Avizo","publisher":{"@id":"https:\/\/www.avizo.ca\/en\/#organization"},"potentialAction":[{"@type":"SearchAction","target":{"@type":"EntryPoint","urlTemplate":"https:\/\/www.avizo.ca\/en\/?s={search_term_string}"},"query-input":{"@type":"PropertyValueSpecification","valueRequired":true,"valueName":"search_term_string"}}],"inLanguage":"en-US"},{"@type":"Organization","@id":"https:\/\/www.avizo.ca\/en\/#organization","name":"Avizo","url":"https:\/\/www.avizo.ca\/en\/","logo":{"@type":"ImageObject","inLanguage":"en-US","@id":"https:\/\/www.avizo.ca\/en\/#\/schema\/logo\/image\/","url":"https:\/\/www.avizo.ca\/wp-content\/uploads\/2023\/10\/logo-avizo.png","contentUrl":"https:\/\/www.avizo.ca\/wp-content\/uploads\/2023\/10\/logo-avizo.png","width":380,"height":144,"caption":"Avizo"},"image":{"@id":"https:\/\/www.avizo.ca\/en\/#\/schema\/logo\/image\/"}}]}},"_links":{"self":[{"href":"https:\/\/www.avizo.ca\/en\/wp-json\/wp\/v2\/pages\/18205","targetHints":{"allow":["GET"]}}],"collection":[{"href":"https:\/\/www.avizo.ca\/en\/wp-json\/wp\/v2\/pages"}],"about":[{"href":"https:\/\/www.avizo.ca\/en\/wp-json\/wp\/v2\/types\/page"}],"author":[{"embeddable":true,"href":"https:\/\/www.avizo.ca\/en\/wp-json\/wp\/v2\/users\/1"}],"replies":[{"embeddable":true,"href":"https:\/\/www.avizo.ca\/en\/wp-json\/wp\/v2\/comments?post=18205"}],"version-history":[{"count":1,"href":"https:\/\/www.avizo.ca\/en\/wp-json\/wp\/v2\/pages\/18205\/revisions"}],"predecessor-version":[{"id":18206,"href":"https:\/\/www.avizo.ca\/en\/wp-json\/wp\/v2\/pages\/18205\/revisions\/18206"}],"wp:attachment":[{"href":"https:\/\/www.avizo.ca\/en\/wp-json\/wp\/v2\/media?parent=18205"}],"curies":[{"name":"wp","href":"https:\/\/api.w.org\/{rel}","templated":true}]}}