{"id":18204,"date":"2023-08-24T16:27:39","date_gmt":"2023-08-24T16:27:39","guid":{"rendered":"https:\/\/avizo.gaelbouffard.com\/a-propos\/"},"modified":"2024-02-01T17:36:19","modified_gmt":"2024-02-01T17:36:19","slug":"company-profile","status":"publish","type":"page","link":"https:\/\/www.avizo.ca\/en\/company-profile\/","title":{"rendered":"Company Profile"},"content":{"rendered":"\n<p>Profil de l\u2019entreprise<br>Depuis plus de 30 ans, les professionnels et professionnelles d\u2019Avizo offrent \u00e0 leur client\u00e8le un large \u00e9ventail de services en environnement et ing\u00e9nierie, tous li\u00e9s au cycle de l\u2019eau. Notre \u00e9quipe de sp\u00e9cialistes s\u2019active jour apr\u00e8s jour \u00e0 la protection des milieux naturels et \u00e0 assurer la p\u00e9rennit\u00e9 des infrastructures municipales, industriels et commerciales.<\/p>\n\n\n\n<p>L\u2019historique d\u2019Avizo Experts-Conseils<br>N\u00e9 en 1992 \u00e0 Sherbrooke<br>Croissance provinciale<br>Entreprise Qu\u00e9b\u00e9coise<br>On termine en disant qu\u2019on veut continuer de d\u00e9ployer nos ailes<\/p>\n\n\n\n<p>Vous voulez faire partie d\u2019une de nos \u00e9quipes multidisciplinaires et cr\u00e9er le futur d\u2019Avizo Experts-Conseils, visitez notre page carri\u00e8res.<\/p>\n\n\n\n<p>Mission, vision et valeurs<br>Pt faire une image avec quelques textes, pour rendre \u00e7a plus dynamique?<br>D\u2019O\u00d9 VIENT LE NOM AVIZO EXPERTS-CONSEILS\u2009?<br>Il nous vient du mot aviso qui d\u00e9signe un navire rapide et l\u00e9ger \u00e0 vocation g\u00e9n\u00e9raliste.<br>QUELLE EST LA MISSION D\u2019AVIZO EXPERTS-CONSEILS\u2009?<br>Nous \u00e9laborons et r\u00e9alisons, avec nos partenaires, des actions concr\u00e8tes pour mesurer les performances environnementales et am\u00e9liorer les infrastructures li\u00e9es au cycle de l\u2019eau.<br>QUEL EST LA VISION D\u2019AVIZO EXPERTS-CONSEILS\u2009?<br>Nous \u0153uvrons en services conseils, dans un environnement agile, afin de nous positionner comme r\u00e9f\u00e9rence en solutions int\u00e9gr\u00e9es et durables pour pr\u00e9server nos ressources.<br>QUELLES SONT LES VALEURS D\u2019AVIZO EXPERTS-CONSEILS\u2009?<br>\uf0a7 B\u00e2tir sur l\u2019innovation : Chercher toutes les solutions technologiques pouvant faciliter notre travail. Utiliser de nouvelles fa\u00e7ons de faire pour rendre nos prestations de services plus efficaces.<br>\uf0a7 Demeurer agile : \u00catre toujours pr\u00eat \u00e0 s\u2019ajuster aux situations et avoir une structure organisationnelle nous permettant d\u2019y parvenir.<br>\uf0a7 Agir avec rigueur : Nous op\u00e9rons dans les domaines de l\u2019ing\u00e9nierie et des sciences de l\u2019environnement, nos clients s\u2019attendent \u00e0 ce que nous maintenions de hauts standards de qualit\u00e9 et de comp\u00e9tence lors de notre prestation de services.<br>\uf0a7 Promouvoir la sant\u00e9 et s\u00e9curit\u00e9 : Plusieurs de nos activit\u00e9s sont \u00e0 risques \u00e9lev\u00e9s. Nous nous devons de prioriser notre protection en ayant des lieux de travail et des \u00e9quipements s\u00e9curitaires pour tous.<\/p>\n","protected":false},"excerpt":{"rendered":"<p>Profil de l\u2019entrepriseDepuis plus de 30 ans, les professionnels et professionnelles d\u2019Avizo offrent \u00e0 leur client\u00e8le un large \u00e9ventail de services en environnement et ing\u00e9nierie, tous li\u00e9s au cycle de l\u2019eau. Notre \u00e9quipe de sp\u00e9cialistes s\u2019active jour apr\u00e8s jour \u00e0 la protection des milieux naturels et \u00e0 assurer la p\u00e9rennit\u00e9 des infrastructures municipales, industriels et [&#8230;]<\/p>\n<p><a class=\"btn btn-secondary understrap-read-more-link\" href=\"https:\/\/www.avizo.ca\/en\/company-profile\/\">Read More&#8230;<span class=\"screen-reader-text\"> from Company Profile<\/span><\/a><\/p>\n","protected":false},"author":1,"featured_media":0,"parent":0,"menu_order":0,"comment_status":"closed","ping_status":"closed","template":"page-about.php","meta":{"_acf_changed":false,"footnotes":""},"class_list":["post-18204","page","type-page","status-publish","hentry"],"acf":[],"yoast_head":"<!-- This site is optimized with the Yoast SEO plugin v27.5 - https:\/\/yoast.com\/product\/yoast-seo-wordpress\/ -->\n<title>Company Profile - Avizo<\/title>\n<meta name=\"robots\" content=\"index, follow, max-snippet:-1, max-image-preview:large, max-video-preview:-1\" \/>\n<link rel=\"canonical\" href=\"https:\/\/www.avizo.ca\/en\/company-profile\/\" \/>\n<meta property=\"og:locale\" content=\"en_US\" \/>\n<meta property=\"og:type\" content=\"article\" \/>\n<meta property=\"og:title\" content=\"Company Profile - Avizo\" \/>\n<meta property=\"og:description\" content=\"Profil de l\u2019entrepriseDepuis plus de 30 ans, les professionnels et professionnelles d\u2019Avizo offrent \u00e0 leur client\u00e8le un large \u00e9ventail de services en environnement et ing\u00e9nierie, tous li\u00e9s au cycle de l\u2019eau. Notre \u00e9quipe de sp\u00e9cialistes s\u2019active jour apr\u00e8s jour \u00e0 la protection des milieux naturels et \u00e0 assurer la p\u00e9rennit\u00e9 des infrastructures municipales, industriels et [...]Read More... from Company Profile\" \/>\n<meta property=\"og:url\" content=\"https:\/\/www.avizo.ca\/en\/company-profile\/\" \/>\n<meta property=\"og:site_name\" content=\"Avizo\" \/>\n<meta property=\"article:modified_time\" content=\"2024-02-01T17:36:19+00:00\" \/>\n<meta property=\"og:image\" content=\"https:\/\/www.avizo.ca\/wp-content\/uploads\/2024\/02\/accueil-1200x720-1-jpg.webp\" \/>\n\t<meta property=\"og:image:width\" content=\"1200\" \/>\n\t<meta property=\"og:image:height\" content=\"720\" \/>\n\t<meta property=\"og:image:type\" content=\"image\/jpeg\" \/>\n<meta name=\"twitter:card\" content=\"summary_large_image\" \/>\n<meta name=\"twitter:label1\" content=\"Est. reading time\" \/>\n\t<meta name=\"twitter:data1\" content=\"3 minutes\" \/>\n<script type=\"application\/ld+json\" class=\"yoast-schema-graph\">{\"@context\":\"https:\\\/\\\/schema.org\",\"@graph\":[{\"@type\":\"WebPage\",\"@id\":\"https:\\\/\\\/www.avizo.ca\\\/en\\\/company-profile\\\/\",\"url\":\"https:\\\/\\\/www.avizo.ca\\\/en\\\/company-profile\\\/\",\"name\":\"Company Profile - Avizo\",\"isPartOf\":{\"@id\":\"https:\\\/\\\/www.avizo.ca\\\/en\\\/#website\"},\"datePublished\":\"2023-08-24T16:27:39+00:00\",\"dateModified\":\"2024-02-01T17:36:19+00:00\",\"breadcrumb\":{\"@id\":\"https:\\\/\\\/www.avizo.ca\\\/en\\\/company-profile\\\/#breadcrumb\"},\"inLanguage\":\"en-US\",\"potentialAction\":[{\"@type\":\"ReadAction\",\"target\":[\"https:\\\/\\\/www.avizo.ca\\\/en\\\/company-profile\\\/\"]}]},{\"@type\":\"BreadcrumbList\",\"@id\":\"https:\\\/\\\/www.avizo.ca\\\/en\\\/company-profile\\\/#breadcrumb\",\"itemListElement\":[{\"@type\":\"ListItem\",\"position\":1,\"name\":\"Accueil\",\"item\":\"https:\\\/\\\/www.avizo.ca\\\/en\\\/\"},{\"@type\":\"ListItem\",\"position\":2,\"name\":\"Company Profile\"}]},{\"@type\":\"WebSite\",\"@id\":\"https:\\\/\\\/www.avizo.ca\\\/en\\\/#website\",\"url\":\"https:\\\/\\\/www.avizo.ca\\\/en\\\/\",\"name\":\"Avizo\",\"description\":\"Avizo\",\"publisher\":{\"@id\":\"https:\\\/\\\/www.avizo.ca\\\/en\\\/#organization\"},\"potentialAction\":[{\"@type\":\"SearchAction\",\"target\":{\"@type\":\"EntryPoint\",\"urlTemplate\":\"https:\\\/\\\/www.avizo.ca\\\/en\\\/?s={search_term_string}\"},\"query-input\":{\"@type\":\"PropertyValueSpecification\",\"valueRequired\":true,\"valueName\":\"search_term_string\"}}],\"inLanguage\":\"en-US\"},{\"@type\":\"Organization\",\"@id\":\"https:\\\/\\\/www.avizo.ca\\\/en\\\/#organization\",\"name\":\"Avizo\",\"url\":\"https:\\\/\\\/www.avizo.ca\\\/en\\\/\",\"logo\":{\"@type\":\"ImageObject\",\"inLanguage\":\"en-US\",\"@id\":\"https:\\\/\\\/www.avizo.ca\\\/en\\\/#\\\/schema\\\/logo\\\/image\\\/\",\"url\":\"https:\\\/\\\/www.avizo.ca\\\/wp-content\\\/uploads\\\/2023\\\/10\\\/logo-avizo.png\",\"contentUrl\":\"https:\\\/\\\/www.avizo.ca\\\/wp-content\\\/uploads\\\/2023\\\/10\\\/logo-avizo.png\",\"width\":380,\"height\":144,\"caption\":\"Avizo\"},\"image\":{\"@id\":\"https:\\\/\\\/www.avizo.ca\\\/en\\\/#\\\/schema\\\/logo\\\/image\\\/\"}}]}<\/script>\n<!-- \/ Yoast SEO plugin. -->","yoast_head_json":{"title":"Company Profile - Avizo","robots":{"index":"index","follow":"follow","max-snippet":"max-snippet:-1","max-image-preview":"max-image-preview:large","max-video-preview":"max-video-preview:-1"},"canonical":"https:\/\/www.avizo.ca\/en\/company-profile\/","og_locale":"en_US","og_type":"article","og_title":"Company Profile - Avizo","og_description":"Profil de l\u2019entrepriseDepuis plus de 30 ans, les professionnels et professionnelles d\u2019Avizo offrent \u00e0 leur client\u00e8le un large \u00e9ventail de services en environnement et ing\u00e9nierie, tous li\u00e9s au cycle de l\u2019eau. Notre \u00e9quipe de sp\u00e9cialistes s\u2019active jour apr\u00e8s jour \u00e0 la protection des milieux naturels et \u00e0 assurer la p\u00e9rennit\u00e9 des infrastructures municipales, industriels et [...]Read More... from Company Profile","og_url":"https:\/\/www.avizo.ca\/en\/company-profile\/","og_site_name":"Avizo","article_modified_time":"2024-02-01T17:36:19+00:00","og_image":[{"width":1200,"height":720,"url":"https:\/\/www.avizo.ca\/wp-content\/uploads\/2024\/02\/accueil-1200x720-1-jpg.webp","type":"image\/jpeg"}],"twitter_card":"summary_large_image","twitter_misc":{"Est. reading time":"3 minutes"},"schema":{"@context":"https:\/\/schema.org","@graph":[{"@type":"WebPage","@id":"https:\/\/www.avizo.ca\/en\/company-profile\/","url":"https:\/\/www.avizo.ca\/en\/company-profile\/","name":"Company Profile - Avizo","isPartOf":{"@id":"https:\/\/www.avizo.ca\/en\/#website"},"datePublished":"2023-08-24T16:27:39+00:00","dateModified":"2024-02-01T17:36:19+00:00","breadcrumb":{"@id":"https:\/\/www.avizo.ca\/en\/company-profile\/#breadcrumb"},"inLanguage":"en-US","potentialAction":[{"@type":"ReadAction","target":["https:\/\/www.avizo.ca\/en\/company-profile\/"]}]},{"@type":"BreadcrumbList","@id":"https:\/\/www.avizo.ca\/en\/company-profile\/#breadcrumb","itemListElement":[{"@type":"ListItem","position":1,"name":"Accueil","item":"https:\/\/www.avizo.ca\/en\/"},{"@type":"ListItem","position":2,"name":"Company Profile"}]},{"@type":"WebSite","@id":"https:\/\/www.avizo.ca\/en\/#website","url":"https:\/\/www.avizo.ca\/en\/","name":"Avizo","description":"Avizo","publisher":{"@id":"https:\/\/www.avizo.ca\/en\/#organization"},"potentialAction":[{"@type":"SearchAction","target":{"@type":"EntryPoint","urlTemplate":"https:\/\/www.avizo.ca\/en\/?s={search_term_string}"},"query-input":{"@type":"PropertyValueSpecification","valueRequired":true,"valueName":"search_term_string"}}],"inLanguage":"en-US"},{"@type":"Organization","@id":"https:\/\/www.avizo.ca\/en\/#organization","name":"Avizo","url":"https:\/\/www.avizo.ca\/en\/","logo":{"@type":"ImageObject","inLanguage":"en-US","@id":"https:\/\/www.avizo.ca\/en\/#\/schema\/logo\/image\/","url":"https:\/\/www.avizo.ca\/wp-content\/uploads\/2023\/10\/logo-avizo.png","contentUrl":"https:\/\/www.avizo.ca\/wp-content\/uploads\/2023\/10\/logo-avizo.png","width":380,"height":144,"caption":"Avizo"},"image":{"@id":"https:\/\/www.avizo.ca\/en\/#\/schema\/logo\/image\/"}}]}},"_links":{"self":[{"href":"https:\/\/www.avizo.ca\/en\/wp-json\/wp\/v2\/pages\/18204","targetHints":{"allow":["GET"]}}],"collection":[{"href":"https:\/\/www.avizo.ca\/en\/wp-json\/wp\/v2\/pages"}],"about":[{"href":"https:\/\/www.avizo.ca\/en\/wp-json\/wp\/v2\/types\/page"}],"author":[{"embeddable":true,"href":"https:\/\/www.avizo.ca\/en\/wp-json\/wp\/v2\/users\/1"}],"replies":[{"embeddable":true,"href":"https:\/\/www.avizo.ca\/en\/wp-json\/wp\/v2\/comments?post=18204"}],"version-history":[{"count":7,"href":"https:\/\/www.avizo.ca\/en\/wp-json\/wp\/v2\/pages\/18204\/revisions"}],"predecessor-version":[{"id":30181,"href":"https:\/\/www.avizo.ca\/en\/wp-json\/wp\/v2\/pages\/18204\/revisions\/30181"}],"wp:attachment":[{"href":"https:\/\/www.avizo.ca\/en\/wp-json\/wp\/v2\/media?parent=18204"}],"curies":[{"name":"wp","href":"https:\/\/api.w.org\/{rel}","templated":true}]}}